{"id":7157,"date":"2023-11-23T14:42:20","date_gmt":"2023-11-23T14:42:20","guid":{"rendered":"https:\/\/cc.codespace.host\/?post_type=product&#038;p=7157"},"modified":"2025-04-07T15:08:57","modified_gmt":"2025-04-07T15:08:57","slug":"teppiche-16","status":"publish","type":"product","link":"https:\/\/cairocollab.ch\/it\/product\/teppiche-16\/","title":{"rendered":"Tappeti"},"content":{"rendered":"","protected":false},"excerpt":{"rendered":"<p>PICCOLA QUANTITA<br \/>\nOgni articolo \u00e8 realizzato a mano al Cairo in quantit\u00e0 limitate. Quando hai trovato il tuo articolo preferito, inviaci un'e-mail e ti risponderemo al pi\u00f9 presto con disponibilit\u00e0 e prezzo.<\/p>","protected":false},"featured_media":7158,"comment_status":"open","ping_status":"closed","template":"","meta":[],"product_cat":[65],"product_tag":[],"class_list":{"0":"post-7157","1":"product","2":"type-product","3":"status-publish","4":"has-post-thumbnail","6":"product_cat-teppiche-aus-recyceltem-material","8":"first","9":"instock","10":"shipping-taxable","11":"product-type-simple"},"_links":{"self":[{"href":"https:\/\/cairocollab.ch\/it\/wp-json\/wp\/v2\/product\/7157","targetHints":{"allow":["GET"]}}],"collection":[{"href":"https:\/\/cairocollab.ch\/it\/wp-json\/wp\/v2\/product"}],"about":[{"href":"https:\/\/cairocollab.ch\/it\/wp-json\/wp\/v2\/types\/product"}],"replies":[{"embeddable":true,"href":"https:\/\/cairocollab.ch\/it\/wp-json\/wp\/v2\/comments?post=7157"}],"wp:featuredmedia":[{"embeddable":true,"href":"https:\/\/cairocollab.ch\/it\/wp-json\/wp\/v2\/media\/7158"}],"wp:attachment":[{"href":"https:\/\/cairocollab.ch\/it\/wp-json\/wp\/v2\/media?parent=7157"}],"wp:term":[{"taxonomy":"product_cat","embeddable":true,"href":"https:\/\/cairocollab.ch\/it\/wp-json\/wp\/v2\/product_cat?post=7157"},{"taxonomy":"product_tag","embeddable":true,"href":"https:\/\/cairocollab.ch\/it\/wp-json\/wp\/v2\/product_tag?post=7157"}],"curies":[{"name":"wp","href":"https:\/\/api.w.org\/{rel}","templated":true}]}}