{"id":6349,"date":"2023-11-13T09:39:19","date_gmt":"2023-11-13T09:39:19","guid":{"rendered":"https:\/\/cc.codespace.host\/?post_type=product&#038;p=6349"},"modified":"2025-05-18T10:39:52","modified_gmt":"2025-05-18T10:39:52","slug":"vasen-2","status":"publish","type":"product","link":"https:\/\/cairocollab.ch\/it\/product\/vasen-2\/","title":{"rendered":"Vasi"},"content":{"rendered":"","protected":false},"excerpt":{"rendered":"<p>PICCOLA QUANTITA<br \/>\nOgni articolo \u00e8 realizzato a mano al Cairo in quantit\u00e0 limitate. Quando hai trovato il tuo articolo preferito, inviaci un'e-mail e ti risponderemo al pi\u00f9 presto con disponibilit\u00e0 e prezzo.<\/p>","protected":false},"featured_media":6227,"comment_status":"open","ping_status":"closed","template":"","meta":[],"product_cat":[62],"product_tag":[],"class_list":{"0":"post-6349","1":"product","2":"type-product","3":"status-publish","4":"has-post-thumbnail","6":"product_cat-vasen","8":"first","9":"instock","10":"shipping-taxable","11":"product-type-simple"},"_links":{"self":[{"href":"https:\/\/cairocollab.ch\/it\/wp-json\/wp\/v2\/product\/6349","targetHints":{"allow":["GET"]}}],"collection":[{"href":"https:\/\/cairocollab.ch\/it\/wp-json\/wp\/v2\/product"}],"about":[{"href":"https:\/\/cairocollab.ch\/it\/wp-json\/wp\/v2\/types\/product"}],"replies":[{"embeddable":true,"href":"https:\/\/cairocollab.ch\/it\/wp-json\/wp\/v2\/comments?post=6349"}],"wp:featuredmedia":[{"embeddable":true,"href":"https:\/\/cairocollab.ch\/it\/wp-json\/wp\/v2\/media\/6227"}],"wp:attachment":[{"href":"https:\/\/cairocollab.ch\/it\/wp-json\/wp\/v2\/media?parent=6349"}],"wp:term":[{"taxonomy":"product_cat","embeddable":true,"href":"https:\/\/cairocollab.ch\/it\/wp-json\/wp\/v2\/product_cat?post=6349"},{"taxonomy":"product_tag","embeddable":true,"href":"https:\/\/cairocollab.ch\/it\/wp-json\/wp\/v2\/product_tag?post=6349"}],"curies":[{"name":"wp","href":"https:\/\/api.w.org\/{rel}","templated":true}]}}