{"id":6345,"date":"2023-11-13T09:36:53","date_gmt":"2023-11-13T09:36:53","guid":{"rendered":"https:\/\/cc.codespace.host\/?post_type=product&#038;p=6345"},"modified":"2023-11-20T12:56:18","modified_gmt":"2023-11-20T12:56:18","slug":"keramik-seifenschalen-3","status":"publish","type":"product","link":"https:\/\/cairocollab.ch\/fr\/product\/keramik-seifenschalen-3\/","title":{"rendered":"Keramik-Seifenschalen"},"content":{"rendered":"","protected":false},"excerpt":{"rendered":"<p>PETIT LOT<br \/>\nChaque article est fabriqu\u00e9 \u00e0 la main au Caire en quantit\u00e9s limit\u00e9es. Lorsque vous avez trouv\u00e9 votre article pr\u00e9f\u00e9r\u00e9, envoyez-nous un e-mail et nous vous r\u00e9pondrons dans les plus brefs d\u00e9lais avec la disponibilit\u00e9 et le prix.<\/p>","protected":false},"featured_media":6221,"comment_status":"open","ping_status":"closed","template":"","meta":[],"product_cat":[61],"product_tag":[],"class_list":{"0":"post-6345","1":"product","2":"type-product","3":"status-publish","4":"has-post-thumbnail","6":"product_cat-keramik-seifenschalen","8":"first","9":"instock","10":"shipping-taxable","11":"product-type-simple"},"_links":{"self":[{"href":"https:\/\/cairocollab.ch\/fr\/wp-json\/wp\/v2\/product\/6345","targetHints":{"allow":["GET"]}}],"collection":[{"href":"https:\/\/cairocollab.ch\/fr\/wp-json\/wp\/v2\/product"}],"about":[{"href":"https:\/\/cairocollab.ch\/fr\/wp-json\/wp\/v2\/types\/product"}],"replies":[{"embeddable":true,"href":"https:\/\/cairocollab.ch\/fr\/wp-json\/wp\/v2\/comments?post=6345"}],"wp:featuredmedia":[{"embeddable":true,"href":"https:\/\/cairocollab.ch\/fr\/wp-json\/wp\/v2\/media\/6221"}],"wp:attachment":[{"href":"https:\/\/cairocollab.ch\/fr\/wp-json\/wp\/v2\/media?parent=6345"}],"wp:term":[{"taxonomy":"product_cat","embeddable":true,"href":"https:\/\/cairocollab.ch\/fr\/wp-json\/wp\/v2\/product_cat?post=6345"},{"taxonomy":"product_tag","embeddable":true,"href":"https:\/\/cairocollab.ch\/fr\/wp-json\/wp\/v2\/product_tag?post=6345"}],"curies":[{"name":"wp","href":"https:\/\/api.w.org\/{rel}","templated":true}]}}