{"id":6071,"date":"2023-10-26T11:59:48","date_gmt":"2023-10-26T11:59:48","guid":{"rendered":"https:\/\/cc.codespace.host\/?page_id=6071"},"modified":"2024-04-29T09:32:35","modified_gmt":"2024-04-29T09:32:35","slug":"shipping","status":"publish","type":"page","link":"https:\/\/cairocollab.ch\/fr\/shipping\/","title":{"rendered":"Shipping"},"content":{"rendered":"\t\t<div data-elementor-type=\"wp-page\" data-elementor-id=\"6071\" class=\"elementor elementor-6071\" data-elementor-post-type=\"page\">\n\t\t\t\t<div class=\"elementor-element elementor-element-fb62c5f e-flex e-con-boxed e-con e-parent\" data-id=\"fb62c5f\" data-element_type=\"container\" data-e-type=\"container\">\n\t\t\t\t\t<div class=\"e-con-inner\">\n\t\t\t\t<div class=\"elementor-element elementor-element-8c733ee elementor-widget elementor-widget-html\" data-id=\"8c733ee\" data-element_type=\"widget\" data-e-type=\"widget\" data-widget_type=\"html.default\">\n\t\t\t\t<div class=\"elementor-widget-container\">\n\t\t\t\t\t<style>\r\n  [data-custom-class='body'], [data-custom-class='body'] * {\r\n    background: transparent !important;\r\n  }\r\n  [data-custom-class='title'], [data-custom-class='title'] * {\r\n    font-family: Arial !important;\r\n    font-size: 26px !important;\r\n    color: #000000 !important;\r\n  }\r\n  [data-custom-class='subtitle'], [data-custom-class='subtitle'] * {\r\n    font-family: Arial !important;\r\n    color: #595959 !important;\r\n    font-size: 14px !important;\r\n  }\r\n  [data-custom-class='heading_1'], [data-custom-class='heading_1'] * {\r\n    font-family: Arial !important;\r\n    font-size: 19px !important;\r\n    color: #000000 !important;\r\n  }\r\n  [data-custom-class='heading_2'], [data-custom-class='heading_2'] * {\r\n    font-family: Arial !important;\r\n    font-size: 17px !important;\r\n    color: #000000 !important;\r\n  }\r\n  [data-custom-class='body_text'], [data-custom-class='body_text'] * {\r\n    color: #595959 !important;\r\n    font-size: 14px !important;\r\n    font-family: Arial !important;\r\n  }\r\n  [data-custom-class='link'], [data-custom-class='link'] * {\r\n    color: #3030F1 !important;\r\n    font-size: 14px !important;\r\n    font-family: Arial !important;\r\n    word-break: break-word !important;\r\n  }\r\n<\/style>\r\n\r\n<div data-custom-class=\"body\">\r\n  <div>\r\n    <div>\r\n      <div>\r\n        <strong>\r\n          <span style=\"font-size: 26px;\">\r\n            <span data-custom-class=\"title\">VERSAND- UND LIEFERBEDINGUNGEN<\/span>\r\n          <\/span>\r\n        <\/strong>\r\n      <\/div>\r\n      <div>\r\n        <br>\r\n      <\/div>\r\n      <div>\r\n        <span style=\"color: rgb(127, 127, 127);\">\r\n          <strong>\r\n            <span style=\"font-size: 15px;\">\r\n              <span data-custom-class=\"subtitle\">Zuletzt aktualisiert am <bdt class=\"question\">26. Oktober 2023<\/bdt><\/span>\r\n            <\/span>\r\n          <\/strong>\r\n        <\/span>\r\n      <\/div>\r\n      <div>\r\n        <br>\r\n      <\/div>\r\n      <div>\r\n        <br>\r\n      <\/div>\r\n      <div>\r\n        <br>\r\n      <\/div>\r\n      <div style=\"line-height: 1.5;\">\r\n        <span style=\"color: rgb(127, 127, 127);\">\r\n          <span style=\"color: rgb(89, 89, 89); font-size: 15px;\">\r\n            <span data-custom-class=\"body_text\">\r\n              <bdt class=\"block-component\"><\/bdt>\r\n              Diese Versand- und Lieferbedingungen sind Teil unserer <bdt class=\"question\">Allgemeinen Gesch\u00e4ftsbedingungen<\/bdt> (\"AGB\") und sollten daher zusammen mit unseren Haupt-AGB gelesen werden: <span style=\"color: rgb(0, 58, 250);\">\r\n                <bdt class=\"question\">\r\n                  <a href=\"https:\/\/cc.codespace.host\/terms-and-condition\/\" target=\"_blank\" data-custom-class=\"link\" rel=\"noopener\">https:\/\/cc.codespace.host\/terms-and-condition\/<\/a>\r\n                <\/bdt>\r\n              <\/span>.\r\n            <\/span>\r\n          <\/span>\r\n        <\/span>\r\n      <\/div>\r\n      <div style=\"line-height: 1.5;\">\r\n        <br>\r\n      <\/div>\r\n      <div style=\"line-height: 1.5;\">\r\n        <span style=\"color: rgb(127, 127, 127);\">\r\n          <span style=\"color: rgb(89, 89, 89); font-size: 15px;\">\r\n            <span data-custom-class=\"body_text\">\r\n              Bitte \u00fcberpr\u00fcfen Sie unsere Versand- und Lieferbedingungen sorgf\u00e4ltig, wenn Sie unsere Produkte kaufen. Diese Richtlinie gilt f\u00fcr jede Bestellung, die Sie bei uns aufgeben.\r\n            <\/span>\r\n          <\/span>\r\n        <\/span>\r\n      <\/div>\r\n      <div style=\"line-height: 1.5;\">\r\n        <br>\r\n      <\/div>\r\n      <div style=\"line-height: 1.5;\">\r\n        <span data-custom-class=\"heading_1\">\r\n          <strong>\r\n            <span style=\"color: rgb(127, 127, 127);\">\r\n              <span style=\"color: rgb(89, 89, 89); font-size: 15px;\">\r\n                <span data-custom-class=\"heading_1\">\r\n                  <strong>WAS SIND MEINE VERSAND- UND LIEFEROPTIONEN?<\/strong>\r\n                <\/span>\r\n              <\/span>\r\n            <\/span>\r\n          <\/strong>\r\n        <\/span>\r\n      <\/div>\r\n      <div style=\"line-height: 1.5;\">\r\n        <br>\r\n      <\/div>\r\n      <div style=\"line-height: 1.5;\">\r\n        <span style=\"color: rgb(127, 127, 127);\">\r\n          <span style=\"color: rgb(89, 89, 89); font-size: 15px;\">\r\n            <span data-custom-class=\"body_text\">\r\n              Wir bieten verschiedene Versandoptionen an. In einigen F\u00e4llen kann ein Drittanbieterlieferant unser Inventar verwalten und f\u00fcr den Versand Ihrer Produkte verantwortlich sein.\r\n              <span style=\"color: rgb(127, 127, 127);\">\r\n                <span style=\"color: rgb(89, 89, 89); font-size: 15px;\">\r\n                  <span data-custom-class=\"body_text\">\r\n                    <span style=\"color: rgb(127, 127, 127);\">\r\n                      <span style=\"color: rgb(89, 89, 89); font-size: 15px;\">\r\n                        <span data-custom-class=\"body_text\">\r\n                          <bdt class=\"statement-end-if-in-editor\"><\/bdt>\r\n                        <\/span>\r\n                      <\/span>\r\n                    <\/span>\r\n                  <\/span>\r\n                <\/span>\r\n              <\/span>\r\n            <\/span>\r\n          <\/span>\r\n        <\/span>\r\n      <\/div>\r\n      <div style=\"line-height: 1.5;\">\r\n        <br>\r\n      <\/div>\r\n      <div style=\"line-height: 1.5;\">\r\n        <strong>\r\n          <span data-custom-class=\"heading_2\">\r\n            <bdt class=\"block-component\"><\/bdt>Versandgeb\u00fchren\r\n          <\/span>\r\n        <\/strong>\r\n      <\/div>\r\n      <div style=\"line-height: 1.5;\">\r\n        <br>\r\n      <\/div>\r\n      <div>\r\n        <div style=\"line-height: 1.5;\">\r\n          <span style=\"color: rgb(127, 127, 127);\">\r\n            <span style=\"color: rgb(89, 89, 89); font-size: 15px;\">\r\n              <span data-custom-class=\"body_text\">\r\n                Wir <bdt class=\"block-component\"><\/bdt>bieten <bdt class=\"block-component\"><\/bdt>Versand zu folgenden Preisen an:\r\n              <\/span>\r\n              <span data-custom-class=\"body_text\">\r\n                <bdt class=\"block-component\"><\/bdt>\r\n              <\/span>\r\n            <\/span>\r\n          <\/span>\r\n          <br>\r\n          <br>\r\n        <\/div>\r\n      <\/div>\r\n      <div>\r\n        <table style=\"width: 42%; margin-right: calc(58%);\">\r\n          <tbody>\r\n            <tr>\r\n              <td style=\"width: 46.518%; border-bottom: 1px solid black;\">\r\n                <div style=\"text-align: center; line-height: 1.4;\">\r\n                  <br>\r\n                <\/div>\r\n              <\/td>\r\n              <td style=\"width: 53.7492%; text-align: center; line-height: 1.4; border-bottom: 1px solid black;\">\r\n                <span style=\"color: rgb(127, 127, 127);\">\r\n                  <span style=\"color: rgb(89, 89, 89); font-size: 15px;\">\r\n                    <span data-custom-class=\"body_text\">\r\n                      <strong><bdt class=\"question\">Standard<\/bdt><\/strong>\r\n                    <\/span>\r\n                  <\/span>\r\n                <\/span>\r\n                <bdt class=\"block-component\"><\/bdt>\r\n                <br>\r\n                <span style=\"color: rgb(127, 127, 127);\">\r\n                  <span style=\"color: rgb(89, 89, 89); font-size: 15px;\">\r\n                    <span data-custom-class=\"body_text\">\r\n                      <bdt class=\"question\">\r\n                        <strong>2<\/strong>\r\n                      <\/bdt>\r\n                    <\/span>\r\n                  <\/span>\r\n                <\/span>\r\n                <bdt class=\"statement-end-if-in-editor\"><\/bdt>\r\n              <\/td>\r\n            <\/tr>\r\n          <\/tbody>\r\n        <\/table>\r\n      <\/div>\r\n      <div>\r\n        <div style=\"line-height: 1.5;\">\r\n          <span style=\"color: rgb(127, 127, 127);\">\r\n            <span style=\"color: rgb(89, 89, 89); font-size: 15px;\">\r\n              <span data-custom-class=\"body_text\">\r\n                <bdt class=\"forloop-component\"><\/bdt>\r\n              <\/span>\r\n            <\/span>\r\n          <\/span>\r\n        <\/div>\r\n        <div>\r\n          <table style=\"width: 42%; margin-right: calc(58%);\">\r\n            <tbody>\r\n              <tr>\r\n                <td style=\"width: 46.3069%; text-align: center; line-height: 1.4;\">\r\n                  <span style=\"color: rgb(127, 127, 127);\">\r\n                    <span style=\"color: rgb(89, 89, 89); font-size: 15px;\">\r\n                      <span data-custom-class=\"body_text\">\r\n                        <bdt class=\"question\">1 kg<\/bdt>\r\n                      <\/span>\r\n                    <\/span>\r\n                  <\/span>\r\n                <\/td>\r\n                <td style=\"width: 53.9603%; text-align: center; line-height: 1.4;\">\r\n                  <span style=\"color: rgb(127, 127, 127);\">\r\n                    <span style=\"color: rgb(89, 89, 89); font-size: 15px;\">\r\n                      <span data-custom-class=\"body_text\">\r\n                        <bdt class=\"question\">6<\/bdt>\r\n                      <\/span>\r\n                    <\/span>\r\n                  <\/span>\r\n                <\/td>\r\n              <\/tr>\r\n            <\/tbody>\r\n          <\/table>\r\n          <div style=\"line-height: 1.5;\">\r\n            <span style=\"color: rgb(127, 127, 127);\">\r\n              <span style=\"color: rgb(89, 89, 89); font-size: 15px;\">\r\n                <span data-custom-class=\"body_text\">\r\n                  <bdt class=\"forloop-component\"><\/bdt>\r\n                <\/span>\r\n                <span data-custom-class=\"body_text\">\r\n                  <bdt class=\"statement-end-if-in-editor\">\r\n                    <bdt class=\"block-component\"><\/bdt>\r\n                  <\/bdt>\r\n                  <span data-custom-class=\"body_text\">\r\n                    <bdt class=\"statement-end-if-in-editor\">\r\n                      <bdt class=\"block-component\"><\/bdt>\r\n                    <\/bdt>\r\n                  <\/span>\r\n                <\/span>\r\n              <\/span>\r\n            <\/span>\r\n          <\/div>\r\n        <\/div>\r\n        <div style=\"line-height: 1.5;\">\r\n          <br>\r\n        <\/div>\r\n        <div style=\"line-height: 1.5;\">\r\n          <span style=\"color: rgb(127, 127, 127);\">\r\n            <span style=\"color: rgb(89, 89, 89); font-size: 15px;\">\r\n              <span data-custom-class=\"body_text\">\r\n                Alle Zeiten und Daten f\u00fcr die Lieferung der Produkte werden in gutem Glauben angegeben, sind jedoch nur Sch\u00e4tzungen.\r\n                <bdt class=\"block-component\"><\/bdt>\r\n              <\/span>\r\n            <\/span>\r\n          <\/span>\r\n        <\/div>\r\n        <div style=\"line-height: 1.5;\">\r\n          <br>\r\n        <\/div>\r\n        <div style=\"line-height: 1.5;\">\r\n          <span style=\"color: rgb(127, 127, 127);\">\r\n            <span style=\"color: rgb(89, 89, 89); font-size: 15px;\">\r\n              <span data-custom-class=\"body_text\">\r\n                F\u00fcr EU- und UK-Verbraucher: Dies beeintr\u00e4chtigt nicht Ihre gesetzlichen Rechte. Sofern nicht ausdr\u00fccklich anders angegeben, spiegeln die gesch\u00e4tzten Lieferzeiten die fr\u00fchestm\u00f6gliche Lieferung wider, und Lieferungen erfolgen innerhalb von 30 Tagen nach dem Tag, an dem wir Ihre Bestellung akzeptieren. Weitere Informationen finden Sie in unseren AGB.\r\n                <bdt class=\"statement-end-if-in-editor\">\r\n                  <bdt class=\"statement-end-if-in-editor\">\r\n                    <bdt class=\"statement-end-if-in-editor\"><\/bdt>\r\n                  <\/bdt>\r\n                <\/bdt>\r\n                <span style=\"color: rgb(127, 127, 127);\">\r\n                  <span style=\"color: rgb(89, 89, 89); font-size: 15px;\">\r\n                    <span data-custom-class=\"body_text\">\r\n                      <bdt class=\"statement-end-if-in-editor\">\r\n                        <bdt class=\"statement-end-if-in-editor\">\r\n                          <bdt class=\"statement-end-if-in-editor\"><\/bdt>\r\n                        <\/bdt>\r\n                      <\/bdt>\r\n                    <\/span>\r\n                  <\/span>\r\n                <\/span>\r\n              <\/span>\r\n            <\/span>\r\n          <\/span>\r\n        <\/div>\r\n        <div style=\"line-height: 1.5;\">\r\n          <br>\r\n        <\/div>\r\n        <div>\r\n          <div>\r\n            <div>\r\n              <div>\r\n                <div>\r\n                  <div>\r\n                    <div>\r\n                      <div style=\"line-height: 1.5;\">\r\n                        <span style=\"color: rgb(127, 127, 127);\">\r\n                          <span style=\"color: rgb(89, 89, 89); font-size: 15px;\">\r\n                            <span data-custom-class=\"heading_1\">\r\n                              <strong>INTERNATIONAL LIEFERN?<\/strong>\r\n                            <\/span>\r\n                            <span data-custom-class=\"body_text\">\r\n                              <bdt class=\"statement-end-if-in-editor\">\r\n                                <bdt class=\"statement-end-if-in-editor\">\r\n                                  <bdt class=\"statement-end-if-in-editor\">\r\n                                    <span style=\"color: rgb(127, 127, 127);\">\r\n                                      <span style=\"color: rgb(89, 89, 89); font-size: 15px;\">\r\n                                        <span data-custom-class=\"body_text\">\r\n                                          <bdt class=\"block-component\"><\/bdt>\r\n                                        <\/span>\r\n                                      <\/span>\r\n                                    <\/span>\r\n                                  <\/bdt>\r\n                                <\/bdt>\r\n                              <\/bdt>\r\n                            <\/span>\r\n                          <\/span>\r\n                        <\/span>\r\n                      <\/div>\r\n                    <\/div>\r\n                  <\/div>\r\n                <\/div>\r\n              <\/div>\r\n            <\/div>\r\n          <\/div>\r\n        <\/div>\r\n        <div>\r\n          <div style=\"line-height: 1.5;\">\r\n            <br>\r\n          <\/div>\r\n          <div style=\"line-height: 1.5;\">\r\n            <span style=\"color: rgb(127, 127, 127);\">\r\n              <span style=\"color: rgb(89, 89, 89); font-size: 15px;\">\r\n                <span data-custom-class=\"body_text\">\r\n                  Wir bieten keinen internationalen Versand an.\r\n                  <bdt class=\"statement-end-if-in-editor\">\r\n                    <bdt class=\"block-component\">\r\n                      <bdt class=\"block-component\"><\/bdt>\r\n                    <\/bdt>\r\n                    <bdt class=\"block-component\"><\/bdt>\r\n                  <\/bdt>\r\n                  <span data-custom-class=\"heading_1\">\r\n                    <span style=\"color: rgb(127, 127, 127);\">\r\n                      <span style=\"color: rgb(89, 89, 89); font-size: 15px;\">\r\n                        <span data-custom-class=\"body_text\">\r\n                          <bdt class=\"statement-end-if-in-editor\">\r\n                            <bdt class=\"statement-end-if-in-editor\">\r\n                              <bdt class=\"statement-end-if-in-editor\">\r\n                                <bdt class=\"block-component\">\r\n                                  <bdt class=\"block-component\"><\/bdt>\r\n                                <\/bdt>\r\n                              <\/bdt>\r\n                            <\/bdt>\r\n                          <\/bdt>\r\n                        <\/span>\r\n                      <\/span>\r\n                    <\/span>\r\n                  <\/span>\r\n                <\/span>\r\n              <\/span>\r\n            <\/span>\r\n          <\/div>\r\n          <div style=\"line-height: 1.5;\">\r\n            <br>\r\n          <\/div>\r\n          <div style=\"line-height: 1.5;\">\r\n            <span style=\"color: rgb(127, 127, 127);\">\r\n              <span style=\"color: rgb(89, 89, 89); font-size: 15px;\">\r\n                <span data-custom-class=\"heading_1\">\r\n                  <strong>R\u00dcCKFRAGEN?<\/strong>\r\n                <\/span>\r\n              <\/span>\r\n            <\/span>\r\n          <\/div>\r\n          <div style=\"line-height: 1.5;\">\r\n            <br>\r\n          <\/div>\r\n          <div style=\"line-height: 1.5;\">\r\n            <span style=\"color: rgb(127, 127, 127);\">\r\n              <span style=\"color: rgb(89, 89, 89); font-size: 15px;\">\r\n                <span data-custom-class=\"body_text\">\r\n                  Wenn Sie Fragen zu R\u00fccksendungen haben, lesen Sie bitte unsere R\u00fcckgaberichtlinie:\r\n                  <span style=\"color: rgb(0, 58, 250);\">\r\n                    <bdt class=\"question\">\r\n                      <a href=\"https:\/\/cc.codespace.host\/refund_returns\/\" target=\"_blank\" data-custom-class=\"link\" rel=\"noopener\">https:\/\/cc.codespace.host\/refund_returns\/<\/a>\r\n                    <\/bdt>\r\n                  <\/span>.\r\n                  <span style=\"color: rgb(127, 127, 127);\">\r\n                    <span style=\"color: rgb(89, 89, 89); font-size: 15px;\">\r\n                      <span data-custom-class=\"body_text\">\r\n                        <bdt class=\"statement-end-if-in-editor\"><\/bdt>\r\n                      <\/span>\r\n                    <\/span>\r\n                  <\/span>\r\n                <\/span>\r\n              <\/span>\r\n            <\/span>\r\n          <\/div>\r\n          <div style=\"line-height: 1.5;\">\r\n            <br>\r\n          <\/div>\r\n          <div style=\"line-height: 1.5;\">\r\n            <span style=\"color: rgb(127, 127, 127);\">\r\n              <span style=\"color: rgb(89, 89, 89); font-size: 15px;\">\r\n                <span data-custom-class=\"heading_1\">\r\n                  <strong>WIE K\u00d6NNEN SIE UNS ZU DIESER RICHTLINIE KONTAKTIEREN?<\/strong>\r\n                <\/span>\r\n              <\/span>\r\n            <\/span>\r\n          <\/div>\r\n          <div style=\"line-height: 1.5;\">\r\n            <br>\r\n          <\/div>\r\n          <div style=\"line-height: 1.5;\">\r\n            <span style=\"color: rgb(127, 127, 127);\">\r\n              <span style=\"color: rgb(89, 89, 89); font-size: 15px;\">\r\n                <span data-custom-class=\"body_text\">\r\n                  Wenn Sie weitere Fragen oder Kommentare haben, k\u00f6nnen Sie uns wie folgt kontaktieren:\r\n                  <span data-custom-class=\"heading_1\">\r\n                    <span style=\"color: rgb(127, 127, 127);\">\r\n                      <span style=\"color: rgb(89, 89, 89); font-size: 15px;\">\r\n                        <span data-custom-class=\"heading_1\">\r\n                          <span style=\"color: rgb(127, 127, 127);\">\r\n                            <span style=\"color: rgb(89, 89, 89); font-size: 15px;\">\r\n                              <span data-custom-class=\"body_text\">\r\n                                <bdt class=\"block-component\"><\/bdt>\r\n                              <\/span>\r\n                            <\/span>\r\n                          <\/span>\r\n                        <\/span>\r\n                      <\/span>\r\n                    <\/span>\r\n                  <\/span>\r\n                <\/span>\r\n              <\/span>\r\n            <\/span>\r\n          <\/div>\r\n        <\/div>\r\n      <\/div>\r\n      <ul>\r\n        <li>\r\n          <span style=\"font-size: 15px; color: rgb(89, 89, 89);\">\r\n            <span style=\"font-size: 15px; color: rgb(89, 89, 89);\">\r\n              <span data-custom-class=\"body_text\">\r\n                Email: <bdt class=\"question\">info@cairocollab.ch<\/bdt>\r\n              <\/span>\r\n            <\/span>\r\n          <\/span>\r\n        <\/li>\r\n      <\/ul>\r\n      <div>\r\n        <span style=\"color: rgb(127, 127, 127);\">\r\n          <span style=\"color: rgb(89, 89, 89); font-size: 15px;\">\r\n            <span data-custom-class=\"body_text\">\r\n              <span style=\"color: rgb(127, 127, 127);\">\r\n                <span style=\"color: rgb(89, 89, 89); font-size: 15px;\">\r\n                  <span data-custom-class=\"body_text\">\r\n                    \r\n\t\t\t\t<\/div>\n\t\t\t\t<\/div>\n\t\t\t\t\t<\/div>\n\t\t\t\t<\/div>\n\t\t\t\t<\/div>\n\t\t","protected":false},"excerpt":{"rendered":"<p>VERSAND- UND LIEFERBEDINGUNGEN Zuletzt aktualisiert am 26. Oktober 2023 Diese Versand- und Lieferbedingungen sind Teil unserer Allgemeinen Gesch\u00e4ftsbedingungen (&#171;AGB&#187;) und sollten daher zusammen mit unseren Haupt-AGB gelesen werden: https:\/\/cc.codespace.host\/terms-and-condition\/ . Bitte \u00fcberpr\u00fcfen Sie unsere Versand- und Lieferbedingungen sorgf\u00e4ltig, wenn Sie unsere Produkte kaufen. Diese Richtlinie gilt f\u00fcr jede Bestellung, die Sie bei uns aufgeben. WAS [&hellip;]<\/p>\n","protected":false},"author":2,"featured_media":0,"parent":0,"menu_order":0,"comment_status":"closed","ping_status":"closed","template":"elementor_header_footer","meta":{"footnotes":""},"class_list":["post-6071","page","type-page","status-publish","hentry"],"_links":{"self":[{"href":"https:\/\/cairocollab.ch\/fr\/wp-json\/wp\/v2\/pages\/6071","targetHints":{"allow":["GET"]}}],"collection":[{"href":"https:\/\/cairocollab.ch\/fr\/wp-json\/wp\/v2\/pages"}],"about":[{"href":"https:\/\/cairocollab.ch\/fr\/wp-json\/wp\/v2\/types\/page"}],"author":[{"embeddable":true,"href":"https:\/\/cairocollab.ch\/fr\/wp-json\/wp\/v2\/users\/2"}],"replies":[{"embeddable":true,"href":"https:\/\/cairocollab.ch\/fr\/wp-json\/wp\/v2\/comments?post=6071"}],"version-history":[{"count":5,"href":"https:\/\/cairocollab.ch\/fr\/wp-json\/wp\/v2\/pages\/6071\/revisions"}],"predecessor-version":[{"id":7503,"href":"https:\/\/cairocollab.ch\/fr\/wp-json\/wp\/v2\/pages\/6071\/revisions\/7503"}],"wp:attachment":[{"href":"https:\/\/cairocollab.ch\/fr\/wp-json\/wp\/v2\/media?parent=6071"}],"curies":[{"name":"wp","href":"https:\/\/api.w.org\/{rel}","templated":true}]}}