{"id":3,"date":"2023-10-20T13:00:49","date_gmt":"2023-10-20T13:00:49","guid":{"rendered":"http:\/\/cc.codespace.host\/?page_id=3"},"modified":"2024-04-29T09:53:48","modified_gmt":"2024-04-29T09:53:48","slug":"privacy-policy","status":"publish","type":"page","link":"https:\/\/cairocollab.ch\/fr\/privacy-policy\/","title":{"rendered":"Privacy Policy"},"content":{"rendered":"<div data-elementor-type=\"wp-page\" data-elementor-id=\"3\" class=\"elementor elementor-3\" data-elementor-post-type=\"page\">\n\t\t\t\t<div class=\"elementor-element elementor-element-a08687b e-flex e-con-boxed e-con e-parent\" data-id=\"a08687b\" data-element_type=\"container\" data-e-type=\"container\">\n\t\t\t\t\t<div class=\"e-con-inner\">\n\t\t\t\t<div class=\"elementor-element elementor-element-b0ab84d elementor-widget elementor-widget-html\" data-id=\"b0ab84d\" data-element_type=\"widget\" data-e-type=\"widget\" data-widget_type=\"html.default\">\n\t\t\t\t<div class=\"elementor-widget-container\">\n\t\t\t\t\t<h1>Datenschutzrichtlinie<\/h1>\r\n<p>Zuletzt aktualisiert am: 25. Oktober 2023<\/p>\r\n<p>Diese Datenschutzrichtlinie beschreibt unsere Richtlinien und Verfahren zur Erhebung, Nutzung und Offenlegung Ihrer Informationen bei der Nutzung des Dienstes und informiert Sie \u00fcber Ihre Datenschutzrechte und wie das Gesetz Sie sch\u00fctzt.<\/p>\r\n<p>Wir verwenden Ihre pers\u00f6nlichen Daten, um den Dienst bereitzustellen und zu verbessern. Durch die Nutzung des Dienstes stimmen Sie der Erhebung und Nutzung von Informationen gem\u00e4\u00df dieser Datenschutzrichtlinie zu. Diese Datenschutzrichtlinie wurde mit Hilfe des <a href=\"https:\/\/www.freeprivacypolicy.com\/free-privacy-policy-generator\/\" target=\"_blank\" rel=\"noopener\">kostenlosen Datenschutzrichtlinien-Generators<\/a> erstellt.<\/p>\r\n<h2>Auslegung und Definitionen<\/h2>\r\n<h3>Auslegung<\/h3>\r\n<p>Die W\u00f6rter, deren Anfangsbuchstabe gro\u00dfgeschrieben ist, haben Bedeutungen, die unter den folgenden Bedingungen definiert sind. Die folgenden Definitionen haben unabh\u00e4ngig davon, ob sie im Singular oder im Plural erscheinen, die gleiche Bedeutung.<\/p>\r\n<h3>Definitionen<\/h3>\r\n<p>Zwecks dieser Datenschutzrichtlinie gelten folgende Definitionen:<\/p>\r\n<ul>\r\n<li>\r\n<p><strong>Konto<\/strong> bezeichnet ein eindeutiges Konto, das f\u00fcr Sie erstellt wurde, um auf unseren Dienst oder Teile unseres Dienstes zuzugreifen.<\/p>\r\n<\/li>\r\n<li>\r\n<p><strong>Affiliate<\/strong> bezeichnet eine Einheit, die die Kontrolle \u00fcber eine Partei hat, von der eine Partei kontrolliert wird oder die gemeinsam mit einer Partei unter gemeinsamer Kontrolle steht, wobei \u201eKontrolle\u201c den Besitz von 50 % oder mehr der Aktien, Beteiligungen oder sonstigen Wertpapiere bedeutet, die zur Wahl von Direktoren oder anderer Verwaltungsorgane berechtigt sind.<\/p>\r\n<\/li>\r\n<li>\r\n<p><strong>Unternehmen<\/strong> (im Folgenden als \u201edas Unternehmen\u201c, \u201ewir\u201c, \u201euns\u201c oder \u201eunser\u201c in dieser Vereinbarung bezeichnet) bezieht sich auf Cairo Collab GmBh, Bahnhofquai, 8001 Z\u00fcrich.<\/p>\r\n<\/li>\r\n<li>\r\n<p><strong>Cookies<\/strong> sind kleine Dateien, die von einer Website auf Ihren Computer, Ihr mobiles Ger\u00e4t oder ein anderes Ger\u00e4t platziert werden und Informationen \u00fcber Ihre Browsing-Aktivit\u00e4ten auf dieser Website enthalten, unter anderem.<\/p>\r\n<\/li>\r\n<li>\r\n<p><strong>Land<\/strong> bezieht sich auf:  Schweiz<\/p>\r\n<\/li>\r\n<li>\r\n<p><strong>Ger\u00e4t<\/strong> bedeutet jedes Ger\u00e4t, das auf den Dienst zugreifen kann, wie z. B. ein Computer, ein Mobiltelefon oder ein Tablet.<\/p>\r\n<\/li>\r\n<li>\r\n<p><strong>Pers\u00f6nliche Daten<\/strong> sind alle Informationen, die sich auf eine identifizierte oder identifizierbare nat\u00fcrliche Person beziehen.<\/p>\r\n<\/li>\r\n<li>\r\n<p><strong>Dienst<\/strong> bezieht sich auf die Website.<\/p>\r\n<\/li>\r\n<li>\r\n<p><strong>Dienstleister<\/strong> bezeichnet eine nat\u00fcrliche oder juristische Person, die die Daten im Auftrag des Unternehmens verarbeitet. Dies bezieht sich auf Drittanbieterunternehmen oder -personen, die vom Unternehmen beauftragt wurden, den Dienst zu erleichtern, den Dienst im Namen des Unternehmens bereitzustellen, Dienstleistungen im Zusammenhang mit dem Dienst durchzuf\u00fchren oder dem Unternehmen bei der Analyse zu helfen, wie der Dienst genutzt wird.<\/p>\r\n<\/li>\r\n<li>\r\n<p><strong>Nutzungsdaten<\/strong> beziehen sich auf automatisch erhobene Daten, die entweder durch die Nutzung des Dienstes oder durch die Dienstinfrastruktur selbst generiert werden (z. B. die Dauer eines Seitenbesuchs).<\/p>\r\n<\/li>\r\n<li>\r\n<p><strong>Website<\/strong> bezieht sich auf Cairo Collab, erreichbar unter <a href=\"https:\/\/cairocollab.ch\/fr\/\" rel=\"external nofollow noopener\" target=\"_blank\">https:\/\/cairocollab.ch\/<\/a><\/p>\r\n<\/li>\r\n<li>\r\n<p><strong>Sie<\/strong> bezieht sich auf die Person, die auf den Dienst zugreift oder ihn nutzt, oder auf das Unternehmen oder eine andere juristische Person, die in Ihrem Namen auf den Dienst zugreift oder ihn nutzt, falls zutreffend.<\/p>\r\n<\/li>\r\n<\/ul>\r\n<h2>Erhebung und Nutzung Ihrer pers\u00f6nlichen Daten<\/h2>\r\n<h3>Arten von erhobenen Daten<\/h3>\r\n<h4>Pers\u00f6nliche Daten<\/h4>\r\n<p>W\u00e4hrend Sie unseren Dienst nutzen, k\u00f6nnen wir Sie bitten, uns bestimmte pers\u00f6nlich identifizierbare Informationen zur Verf\u00fcgung zu stellen, die verwendet werden k\u00f6nnen, um Sie zu kontaktieren oder zu identifizieren. Pers\u00f6nlich identifizierbare Informationen k\u00f6nnen Folgendes um\r\n\r\nfassen, sind jedoch nicht darauf beschr\u00e4nkt:<\/p>\r\n<ul>\r\n<li>\r\n<p>E-Mail-Adresse<\/p>\r\n<\/li>\r\n<li>\r\n<p>Vor- und Nachname<\/p>\r\n<\/li>\r\n<li>\r\n<p>Telefonnummer<\/p>\r\n<\/li>\r\n<li>\r\n<p>Adresse, Bundesland, Provinz, Postleitzahl, Stadt<\/p>\r\n<\/li>\r\n<li>\r\n<p>Nutzungsdaten<\/p>\r\n<\/li>\r\n<\/ul>\r\n<h4>Nutzungsdaten<\/h4>\r\n<p>Bei der Nutzung unseres Dienstes werden automatisch Nutzungsdaten erhoben.<\/p>\r\n<p>Zu den Nutzungsdaten geh\u00f6ren Informationen wie die Internetprotokolladresse Ihres Ger\u00e4ts (z. B. IP-Adresse), der Browsertyp, die Browserversion, die von Ihnen besuchten Seiten unseres Dienstes, die Uhrzeit und das Datum Ihres Besuchs, die auf diesen Seiten verbrachte Zeit, eindeutige Ger\u00e4tekennungen und andere diagnostische Daten.<\/p>\r\n<p>Wenn Sie auf den Dienst \u00fcber ein mobiles Ger\u00e4t zugreifen, k\u00f6nnen wir bestimmte Informationen automatisch erfassen, einschlie\u00dflich, aber nicht beschr\u00e4nkt auf den Typ des von Ihnen verwendeten mobilen Ger\u00e4ts, Ihre eindeutige ID des mobilen Ger\u00e4ts, die IP-Adresse Ihres mobilen Ger\u00e4ts, Ihr mobiles Betriebssystem, den Typ des mobilen Internetbrowsers, den Sie verwenden, eindeutige Ger\u00e4tekennungen und andere diagnostische Daten.<\/p>\r\n<p>Wir k\u00f6nnen auch Informationen erfassen, die Ihr Browser sendet, wenn Sie unseren Dienst nutzen oder wenn Sie \u00fcber ein mobiles Ger\u00e4t auf den Dienst zugreifen.<\/p>\r\n<h4>Tracking-Technologien und Cookies<\/h4>\r\n<p>Wir verwenden Cookies und \u00e4hnliche Tracking-Technologien, um die Aktivit\u00e4t auf unserem Dienst zu verfolgen und bestimmte Informationen zu speichern. Zu den verwendeten Tracking-Technologien geh\u00f6ren Beacons, Tags und Skripte, um Informationen zu sammeln und zu verfolgen und unseren Dienst zu verbessern und zu analysieren. Die von uns verwendeten Technologien k\u00f6nnen Folgendes umfassen:<\/p>\r\n<ul>\r\n<li><strong>Cookies oder Browser-Cookies.<\/strong> Ein Cookie ist eine kleine Datei, die auf Ihrem Ger\u00e4t platziert wird. Sie k\u00f6nnen Ihren Browser anweisen, alle Cookies abzulehnen oder anzuzeigen, wenn ein Cookie gesendet wird. Wenn Sie jedoch keine Cookies akzeptieren, k\u00f6nnen Sie einige Teile unseres Dienstes m\u00f6glicherweise nicht nutzen. Sofern Sie Ihre Browsereinstellung nicht so ge\u00e4ndert haben, dass Cookies abgelehnt werden, kann unser Dienst Cookies verwenden.<\/li>\r\n<li><strong>Web-Beacons.<\/strong> Bestimmte Abschnitte unseres Dienstes und unserer E-Mails k\u00f6nnen kleine elektronische Dateien enthalten, die als Web-Beacons bezeichnet werden (auch als Clear Gifs, Pixel-Tags und Single-Pixel-Gifs bezeichnet), die es dem Unternehmen erm\u00f6glichen, beispielsweise Benutzer zu z\u00e4hlen, die diese Seiten besucht haben, oder die ge\u00f6ffnete E-Mails \u00fcberwachen und andere verwandte Website-Statistiken (z. B. die Popularit\u00e4t eines bestimmten Abschnitts erfassen und die Integrit\u00e4t des Systems und des Servers \u00fcberpr\u00fcfen).<\/li>\r\n<\/ul>\r\n<p>Cookies k\u00f6nnen \u201ePersistent\u201c oder \u201eSession\u201c-Cookies sein. Persistent Cookies verbleiben auf Ihrem pers\u00f6nlichen Computer oder mobilen Ger\u00e4t, wenn Sie offline gehen, w\u00e4hrend Session-Cookies gel\u00f6scht werden, sobald Sie Ihren Webbrowser schlie\u00dfen. Erfahren Sie mehr \u00fcber Cookies auf der <a href=\"https:\/\/www.freeprivacypolicy.com\/blog\/sample-privacy-policy-template\/#Use_Of_Cookies_And_Tracking\" target=\"_blank\" rel=\"noopener\">Free Privacy Policy Website<\/a> article.<\/p>\r\n<p>Wir verwenden sowohl Session- als auch Persistent-Cookies f\u00fcr die unten aufgef\u00fchrten Zwecke:<\/p>\r\n<ul>\r\n<li>\r\n<p><strong>Notwendige \/ Wesentliche Cookies<\/strong><\/p>\r\n<p>Typ: Session Cookies<\/p>\r\n<p>Verwaltet von: Uns<\/p>\r\n<p>Zweck: Diese Cookies sind unerl\u00e4sslich, um Ihnen die Dienste zur Verf\u00fcgung zu stellen, die \u00fcber die Website verf\u00fcgbar sind, und um Ihnen die Nutzung einiger ihrer Funktionen zu erm\u00f6glichen. Sie helfen dabei, Benutzer zu authentifizieren und die betr\u00fcgerische Nutzung von Benutzerkonten zu verhindern. Ohne diese Cookies k\u00f6nnen die von Ihnen angeforderten Dienste nicht bereitgestellt werden, und wir verwenden diese Cookies nur, um Ihnen diese Dienste bereitzustellen.<\/p>\r\n<\/li>\r\n<li>\r\n<p><strong>Cookies-Richtlinie \/ Hinweis auf Zustimmung zu Cookies<\/strong><\/p>\r\n<p>Typ: Persistent Cookies<\/p>\r\n<p>Verwaltet von: Uns<\/p>\r\n<p>Zweck: Diese Cookies identifizieren, ob Benutzer die Verwendung von Cookies auf der Website akzeptiert haben.<\/p>\r\n<\/li>\r\n<li>\r\n<p><strong>Funktionalit\u00e4ts-Cookies<\/strong><\/p>\r\n<p>Typ: Persistent Cookies<\/p>\r\n<p>Verwaltet von: Uns<\/p>\r\n<p>Zweck: Diese Cookies erm\u00f6glichen es uns, Ihre Auswahl zu speichern, wenn Sie die Website nutzen, z. B. die Speicherung Ihrer Anmeldedaten oder Ihrer Sprachpr\u00e4ferenz. Diese Cookies dienen dazu, Ihnen ein pers\u00f6nlicheres Erlebnis zu bieten und zu vermeiden, dass Sie Ihre Einstellungen bei jeder Nutzung der Website erneut eingeben m\u00fcssen.<\/p>\r\n<\/li>\r\n<\/ul>\r\n<p>Weitere Informationen zu den von uns verwendeten Cookies und Ihren Auswahlm\u00f6glichkeiten in Bezug auf Cookies finden Sie in unserer Cookie-Richtlinie oder im Abschnitt \u00fcber Cookies in unserer Datenschutzrichtlinie.<\/p>\r\n<h3>Verwendung Ihrer pers\u00f6nlichen Daten<\/h3>\r\n<p>Das Unternehmen kann personenbezogene Daten zu folgenden Zwecken verwenden:<\/p>\r\n<ul>\r\n<li>\r\n<p><strong>Um unseren Service bereitzustellen und aufrechtzuerhalten<\/strong>, einschlie\u00dflich der \u00dcberwachung der Nutzung unseres Service.<\/p>\r\n<\/li>\r\n<li>\r\n<p><strong>Ihr Konto zu verwalten:<\/strong> um Ihr Konto als Benutzer des Dienstes zu verwalten. Die von Ihnen bereitgestellten pers\u00f6nlichen Daten geben Ihnen Zugriff auf verschiedene Funktionen des Dienstes, die Ihnen als registriertem Benutzer zur Verf\u00fcgung stehen.<\/p>\r\n<\/li>\r\n<li>\r\n<p><strong>Zur Durchf\u00fchrung eines Vertrags:<\/strong> die Entwicklung, Einhaltung und Durchf\u00fchrung des Kaufvertrags f\u00fcr die von Ihnen gekauften Produkte, Artikel oder Dienstleistungen oder eines anderen Vertrags mit uns \u00fcber den Dienst.<\/p\r\n\r\n>\r\n<\/li>\r\n<li>\r\n<p><strong>Um Sie zu kontaktieren:<\/strong> Um Sie per E-Mail, Telefonanrufe, SMS oder andere gleichwertige Formen der elektronischen Kommunikation wie Push-Benachrichtigungen von mobilen Anwendungen \u00fcber Updates oder informative Mitteilungen im Zusammenhang mit den Funktionalit\u00e4ten, Produkten oder vertraglich vereinbarten Dienstleistungen, einschlie\u00dflich der Sicherheitsupdates, zu kontaktieren, wenn dies f\u00fcr deren Umsetzung erforderlich oder vern\u00fcnftig ist.<\/p>\r\n<\/li>\r\n<li>\r\n<p><strong>Um Ihnen<\/strong> Nachrichten, Sonderangebote und allgemeine Informationen \u00fcber andere Waren, Dienstleistungen und Veranstaltungen anzubieten, die wir anbieten und die denen \u00e4hnlich sind, die Sie bereits gekauft oder angefragt haben, es sei denn, Sie haben sich entschieden, solche Informationen nicht zu erhalten.<\/p>\r\n<\/li>\r\n<li>\r\n<p><strong>Ihre Anfragen zu verwalten:<\/strong> Um Ihre Anfragen an uns zu bearbeiten und zu verwalten.<\/p>\r\n<\/li>\r\n<li>\r\n<p><strong>F\u00fcr Unternehmens\u00fcbertragungen:<\/strong> Wir k\u00f6nnen Ihre Informationen verwenden, um eine Fusion, den Verkauf von Unternehmensverm\u00f6genswerten, Finanzierungen oder den Erwerb unseres gesamten Gesch\u00e4fts oder eines Teils davon durch ein anderes Unternehmen zu bewerten oder durchzuf\u00fchren, sei es als laufendes Gesch\u00e4ft oder als Teil eines Insolvenz-, Liquidations- oder \u00e4hnlichen Verfahrens, bei dem personenbezogene Daten, die wir \u00fcber unsere Dienstnutzer halten, zu den \u00fcbertragenen Verm\u00f6genswerten geh\u00f6ren.<\/p>\r\n<\/li>\r\n<li>\r\n<p><strong>Zu anderen Zwecken<\/strong>: Wir k\u00f6nnen Ihre Informationen f\u00fcr andere Zwecke verwenden, wie z. B. Datenanalyse, Identifizierung von Nutzungstrends, Bestimmung der Wirksamkeit unserer Werbekampagnen und zur Bewertung und Verbesserung unseres Dienstes, unserer Produkte, Dienstleistungen, Werbung und Ihrer Erfahrung.<\/p>\r\n<\/li>\r\n<\/ul>\r\n<p>Wir k\u00f6nnen Ihre pers\u00f6nlichen Informationen in folgenden Situationen teilen:<\/p>\r\n<ul>\r\n<li><strong>Mit Dienstleistern:<\/strong> Wir k\u00f6nnen Ihre pers\u00f6nlichen Informationen mit Dienstleistern teilen, um die Nutzung unseres Dienstes zu \u00fcberwachen und zu analysieren, um Sie zu kontaktieren.<\/li>\r\n<li><strong>F\u00fcr Unternehmens\u00fcbertragungen:<\/strong> Wir k\u00f6nnen Ihre pers\u00f6nlichen Informationen im Zusammenhang mit, oder w\u00e4hrend Verhandlungen \u00fcber, eine Fusion, den Verkauf von Unternehmensverm\u00f6genswerten, Finanzierungen oder den Erwerb unseres gesamten Gesch\u00e4fts oder eines Teils davon durch ein anderes Unternehmen teilen oder \u00fcbertragen.<\/li>\r\n<li><strong>Mit Tochterunternehmen:<\/strong> Wir k\u00f6nnen Ihre Informationen mit unseren Tochterunternehmen teilen, in welchem Fall wir diese auffordern werden, diese Datenschutzrichtlinie einzuhalten. Zu unseren Tochterunternehmen geh\u00f6ren unsere Muttergesellschaft und alle anderen Tochtergesellschaften, Joint-Venture-Partner oder andere Unternehmen, die wir kontrollieren oder die unter gemeinsamer Kontrolle mit uns stehen.<\/li>\r\n<li><strong>Mit Gesch\u00e4ftspartnern:<\/strong> Wir k\u00f6nnen Ihre Informationen mit unseren Gesch\u00e4ftspartnern teilen, um Ihnen bestimmte Produkte, Dienstleistungen oder Werbeaktionen anzubieten.<\/li>\r\n<li><strong>Mit anderen Nutzern:<\/strong> Wenn Sie personenbezogene Informationen teilen oder anderweitig in den \u00f6ffentlichen Bereichen mit anderen Nutzern interagieren, k\u00f6nnen diese Informationen von allen Nutzern eingesehen werden und au\u00dferhalb \u00f6ffentlich verteilt werden.<\/li>\r\n<li><strong>Mit Ihrer Zustimmung<\/strong>: Wir k\u00f6nnen Ihre pers\u00f6nlichen Informationen f\u00fcr jeden anderen Zweck mit Ihrer Zustimmung offenlegen.<\/li>\r\n<\/ul>\r\n<h3>Aufbewahrung Ihrer pers\u00f6nlichen Daten<\/h3>\r\n<p>Das Unternehmen wird Ihre pers\u00f6nlichen Daten nur so lange aufbewahren, wie es f\u00fcr die in dieser Datenschutzrichtlinie festgelegten Zwecke erforderlich ist. Wir werden Ihre pers\u00f6nlichen Daten aufbewahren und verwenden, soweit dies erforderlich ist, um unseren rechtlichen Verpflichtungen nachzukommen (z. B. wenn wir verpflichtet sind, Ihre Daten aufgrund geltender Gesetze aufzubewahren), Streitigkeiten beizulegen und unsere rechtlichen Vereinbarungen und Richtlinien durchzusetzen.<\/p>\r\n<p>Das Unternehmen wird auch Nutzungsdaten f\u00fcr interne Analysezwecke aufbewahren. Nutzungsdaten werden im Allgemeinen f\u00fcr einen k\u00fcrzeren Zeitraum aufbewahrt, es sei denn, diese Daten werden verwendet, um die Sicherheit zu st\u00e4rken oder die Funktionalit\u00e4t unseres Dienstes zu verbessern, oder wir sind gesetzlich verpflichtet, diese Daten f\u00fcr l\u00e4ngere Zeitr\u00e4ume aufzubewahren.<\/p>\r\n<h3>\u00dcbertragung Ihrer pers\u00f6nlichen Daten<\/h3>\r\n<p>Ihre Informationen, einschlie\u00dflich Ihrer pers\u00f6nlichen Daten, werden an den Betriebsstellen des Unternehmens und an anderen Orten verarbeitet, an denen sich die an der Verarbeitung beteiligten Parteien befinden. Dies bedeutet, dass diese Informationen an Computer au\u00dferhalb Ihres Bundeslandes, Ihrer Provinz, Ihres Landes oder einer anderen staatlichen Gerichtsbarkeit \u00fcbertragen und dort aufbewahrt werden k\u00f6nnen, wo die Datenschutzgesetze von denen Ihrer Gerichtsbarkeit abweichen k\u00f6nnen.<\/p>\r\n<p>Ihre Zustimmung zu dieser Datenschutzrichtlinie, gefolgt von Ihrer \u00dcbermittlung solcher Informationen, stellt Ihre Zustimmung zu dieser \u00dcbertragung dar.<\/p>\r\n<p>Das Unternehmen wird alle erforderlichen Schritte unternehmen, um sicherzustellen, dass Ihre Daten sicher und gem\u00e4\u00df dieser Datenschutzrichtlinie behandelt werden, und dass keine \u00dcbertragung Ihrer pers\u00f6nlichen Daten an eine Organisation oder ein Land stattfindet, es sei denn, es liegen angemessene Kontrollen vor, einschlie\u00dflich der Sicherheit Ihrer Daten und anderer pers\u00f6nlicher Informationen.<\/p>\r\n<h3>L\u00f6schen Ihrer pers\u00f6nlichen Daten<\/h3>\r\n<p>Sie haben das Recht, die L\u00f6schung oder Unterst\u00fctzung bei der L\u00f6schung der von uns \u00fcber Sie gesammelten pers\u00f6nlichen Daten zu verlangen.<\/p>\r\n<p>Unser Service bietet Ihnen die M\u00f6glichkeit, bestimmte Informationen \u00fcber Sie aus dem Service zu l\u00f6schen.<\/p>\r\n<p>Sie k\u00f6nnen Ihre Informationen jederzeit aktualisieren, \u00e4ndern oder l\u00f6schen, indem Sie sich in Ihr Konto einloggen, sofern Sie eines haben, und den\r\n\r\n Anweisungen zum \u00c4ndern Ihrer pers\u00f6nlichen Daten folgen.<\/p>\r\n<p>Bitte beachten Sie jedoch, dass wir bestimmte Informationen aus Gr\u00fcnden aufbewahren k\u00f6nnen, die wir f\u00fcr erforderlich oder angemessen halten:<\/p>\r\n<ul>\r\n<li>Wenn wir aus gesch\u00e4ftlichen oder rechtlichen Gr\u00fcnden verpflichtet sind, Informationen aufzubewahren.<\/li>\r\n<li>Um Streitigkeiten beizulegen.<\/li>\r\n<li>Um unsere Nutzungsbedingungen durchzusetzen.<\/li>\r\n<li>Um die Sicherheit zu gew\u00e4hrleisten.<\/li>\r\n<\/ul>\r\n<h3>Links zu anderen Websites<\/h3>\r\n<p>Unser Service kann Links zu anderen Websites enthalten, die nicht von uns betrieben werden. Wenn Sie auf einen Link eines Drittanbieters klicken, werden Sie zur Website dieses Drittanbieters weitergeleitet. Wir empfehlen Ihnen dringend, die Datenschutzrichtlinien jeder von Ihnen besuchten Website zu \u00fcberpr\u00fcfen.<\/p>\r\n<p>Wir haben keine Kontrolle \u00fcber und \u00fcbernehmen keine Verantwortung f\u00fcr den Inhalt, die Datenschutzrichtlinien oder Praktiken von Websites oder Diensten Dritter.<\/p>\r\n<h3>Datenschutz von Kindern<\/h3>\r\n<p>Unser Service richtet sich nicht an Personen unter 18 Jahren (\u201eKinder\u201c).<\/p>\r\n<p>Wir sammeln wissentlich keine pers\u00f6nlich identifizierbaren Informationen von Personen unter 18 Jahren. Wenn Sie ein Elternteil oder Erziehungsberechtigter sind und erfahren haben, dass Ihr Kind uns pers\u00f6nliche Daten zur Verf\u00fcgung gestellt hat, setzen Sie sich bitte mit uns in Verbindung. Wenn wir feststellen, dass wir pers\u00f6nliche Daten von Kindern ohne \u00dcberpr\u00fcfung der elterlichen Zustimmung gesammelt haben, ergreifen wir Ma\u00dfnahmen, um diese Informationen von unseren Servern zu entfernen.<\/p>\r\n<h3>\u00c4nderungen dieser Datenschutzrichtlinie<\/h3>\r\n<p>Wir k\u00f6nnen unsere Datenschutzrichtlinie von Zeit zu Zeit aktualisieren. Wir werden Sie \u00fcber alle \u00c4nderungen informieren, indem wir die neue Datenschutzrichtlinie auf dieser Seite ver\u00f6ffentlichen.<\/p>\r\n<p>Wir werden Sie per E-Mail und\/oder einem deutlichen Hinweis auf unserem Service \u00fcber \u00c4nderungen informieren und das \u201eDatum des Inkrafttretens\u201c oben in dieser Datenschutzrichtlinie aktualisieren.<\/p>\r\n<p>Wir empfehlen Ihnen, diese Datenschutzrichtlinie regelm\u00e4\u00dfig auf \u00c4nderungen zu \u00fcberpr\u00fcfen. \u00c4nderungen dieser Datenschutzrichtlinie werden wirksam, wenn sie auf dieser Seite ver\u00f6ffentlicht werden.<\/p>\r\n<h3>Kontaktieren Sie uns<\/h3>\r\n<p>Wenn Sie Fragen zu dieser Datenschutzrichtlinie haben, k\u00f6nnen Sie uns kontaktieren:<\/p>\r\n<ul>\r\n<li>Per E-Mail: privacy@cairocollab.ch<\/li>\r\n<\/ul>\t\t\t\t<\/div>\n\t\t\t\t<\/div>\n\t\t\t\t\t<\/div>\n\t\t\t\t<\/div>\n\t\t\t\t<\/div>","protected":false},"excerpt":{"rendered":"<p>Datenschutzrichtlinie Zuletzt aktualisiert am: 25. Oktober 2023 Diese Datenschutzrichtlinie beschreibt unsere Richtlinien und Verfahren zur Erhebung, Nutzung und Offenlegung Ihrer Informationen bei der Nutzung des Dienstes und informiert Sie \u00fcber Ihre Datenschutzrechte und wie das Gesetz Sie sch\u00fctzt. Wir verwenden Ihre pers\u00f6nlichen Daten, um den Dienst bereitzustellen und zu verbessern. Durch die Nutzung des Dienstes [&hellip;]<\/p>\n","protected":false},"author":2,"featured_media":0,"parent":0,"menu_order":0,"comment_status":"closed","ping_status":"open","template":"elementor_header_footer","meta":{"footnotes":""},"class_list":["post-3","page","type-page","status-publish","hentry"],"_links":{"self":[{"href":"https:\/\/cairocollab.ch\/fr\/wp-json\/wp\/v2\/pages\/3","targetHints":{"allow":["GET"]}}],"collection":[{"href":"https:\/\/cairocollab.ch\/fr\/wp-json\/wp\/v2\/pages"}],"about":[{"href":"https:\/\/cairocollab.ch\/fr\/wp-json\/wp\/v2\/types\/page"}],"author":[{"embeddable":true,"href":"https:\/\/cairocollab.ch\/fr\/wp-json\/wp\/v2\/users\/2"}],"replies":[{"embeddable":true,"href":"https:\/\/cairocollab.ch\/fr\/wp-json\/wp\/v2\/comments?post=3"}],"version-history":[{"count":5,"href":"https:\/\/cairocollab.ch\/fr\/wp-json\/wp\/v2\/pages\/3\/revisions"}],"predecessor-version":[{"id":7514,"href":"https:\/\/cairocollab.ch\/fr\/wp-json\/wp\/v2\/pages\/3\/revisions\/7514"}],"wp:attachment":[{"href":"https:\/\/cairocollab.ch\/fr\/wp-json\/wp\/v2\/media?parent=3"}],"curies":[{"name":"wp","href":"https:\/\/api.w.org\/{rel}","templated":true}]}}