{"id":6016,"date":"2023-10-25T07:13:15","date_gmt":"2023-10-25T07:13:15","guid":{"rendered":"https:\/\/cc.codespace.host\/?page_id=6016"},"modified":"2024-04-29T09:39:53","modified_gmt":"2024-04-29T09:39:53","slug":"terms-and-condition","status":"publish","type":"page","link":"https:\/\/cairocollab.ch\/en\/terms-and-condition\/","title":{"rendered":"Terms &#038; Condition"},"content":{"rendered":"<div data-elementor-type=\"wp-page\" data-elementor-id=\"6016\" class=\"elementor elementor-6016\" data-elementor-post-type=\"page\">\n\t\t\t\t<div class=\"elementor-element elementor-element-94f38ab e-flex e-con-boxed e-con e-parent\" data-id=\"94f38ab\" data-element_type=\"container\" data-e-type=\"container\">\n\t\t\t\t\t<div class=\"e-con-inner\">\n\t\t\t\t<div class=\"elementor-element elementor-element-aa4f192 elementor-widget elementor-widget-html\" data-id=\"aa4f192\" data-element_type=\"widget\" data-e-type=\"widget\" data-widget_type=\"html.default\">\n\t\t\t\t<div class=\"elementor-widget-container\">\n\t\t\t\t\t<h2><strong>General terms and conditions of business<\/strong><\/h2>\r\n\r\n<p>Welcome to Cairo Collab!<\/p>\r\n\r\n<p>These Terms and Conditions govern the rules and regulations for the use of Cairo Collab's website, located at https:\/\/cairocollab.ch.<\/p>\r\n\r\n<p>By accessing this website we assume you accept these terms and conditions. Do not continue to use Cairo Collab if you do not agree to all of the terms and conditions stated on this page.<\/p>\r\n\r\n<p>The following terminology applies to these Terms and Conditions, Privacy Statement and Disclaimer Notice and all Agreements: \u201cClient\u201d, \u201cYou\u201d and \u201cYour\u201d refers to you, the person log on this website and the Company\u2019s terms and conditions agree. \u201cThe Company\u201d, \u201cWe\u201d, \u201cUs\u201d refers to our company. \u201cParty\u201d, \u201cParties\u201d or \u201cWe\u201d refers to both the Customer and us. All terms refer to the offer, acceptance and payment of the consideration necessary to undertake the process of our assistance to the Client in the most appropriate manner to meet the Client's needs in respect of the provision of the services offered by the Company in accordance with and subject to the applicable law of ch. Any use of the above terminology or other words in the singular, plural, capitalization and\/or he\/she or they, are taken as interchangeable and therefore as referring to same.<\/p>\r\n\r\n<h3><strong>Cookies<\/strong><\/h3>\r\n\r\n<p>We use cookies. By accessing Cairo Collab, you agree to the use of cookies in accordance with Cairo Collab's privacy policy.<\/p>\r\n\r\n<p>Most interactive websites use cookies to retrieve the user's details for each visit. Cookies are used by our website to enable the functionality of certain areas and to make life easier for visitors to our website. Some of our affiliate advertising partners may also use cookies.<\/p>\r\n\r\n<h3><strong>License<\/strong><\/h3>\r\n\r\n<p>Unless otherwise stated, Cairo Collab and\/or its licensors own the copyright in all materials on Cairo Collab. All intellectual property rights are reserved. You may access these materials from Cairo Collab for your own personal use subject to the restrictions set in these Terms and Conditions.<\/p>\r\n\r\n<p>You must not:<\/p>\r\n<ul>\r\n    <li>Material von Cairo Collab erneut ver\u00f6ffentlichen<\/li>\r\n    <li>Material von Cairo Collab verkaufen, vermieten oder unterlizenzieren<\/li>\r\n    <li>Material von Cairo Collab reproduzieren, duplizieren oder kopieren<\/li>\r\n    <li>Inhalte von Cairo Collab neu verteilen<\/li>\r\n<\/ul>\r\n\r\n<p>Diese Vereinbarung beginnt mit dem Datum dieser Vereinbarung. Unsere Allgemeinen Gesch\u00e4ftsbedingungen wurden mit Hilfe des <a href=\"https:\/\/www.termsandconditionsgenerator.com\/\" target=\"_blank\" rel=\"noopener\">kostenlosen Generators f\u00fcr Allgemeine Gesch\u00e4ftsbedingungen<\/a> erstellt.<\/p>\r\n\r\n<p>Teile dieser Website bieten Nutzern die M\u00f6glichkeit, in bestimmten Bereichen der Website Meinungen und Informationen auszutauschen und zu ver\u00f6ffentlichen. Cairo Collab filtert, bearbeitet, ver\u00f6ffentlicht oder \u00fcberpr\u00fcft Kommentare nicht vor deren Pr\u00e4senz auf der Website. Kommentare spiegeln nicht die Ansichten und Meinungen von Cairo Collab, seinen Agenten und\/oder verbundenen Unternehmen wider. Kommentare spiegeln die Ansichten und Meinungen der Person wider, die ihre Ansichten und Meinungen ver\u00f6ffentlicht. Soweit gesetzlich zul\u00e4ssig, haftet Cairo Collab nicht f\u00fcr die Kommentare oder f\u00fcr Haftung, Sch\u00e4den oder Kosten, die durch die Nutzung, Ver\u00f6ffentlichung oder Anzeige der Kommentare auf dieser Website entstehen und\/oder verursacht werden.<\/p>\r\n\r\n<p>Cairo Collab beh\u00e4lt sich das Recht vor, alle Kommentare zu \u00fcberwachen und Kommentare zu entfernen, die als unangemessen, beleidigend oder einen Versto\u00df gegen diese Allgemeinen Gesch\u00e4ftsbedingungen darstellen.<\/p>\r\n\r\n<p>Sie garantieren und erkl\u00e4ren hiermit:<\/p>\r\n\r\n<ul>\r\n    <li>Sie sind berechtigt, die Kommentare auf unserer Website zu ver\u00f6ffentlichen und haben alle erforderlichen Lizenzen und Einwilligungen, dies zu tun;<\/li>\r\n    <li>Die Kommentare verletzen keine geistigen Eigentumsrechte, einschlie\u00dflich, aber nicht beschr\u00e4nkt auf Urheberrechte, Patente oder Markenrechte Dritter;<\/li>\r\n    <li>Die Kommentare enthalten kein diffamierendes, beleidigendes, anst\u00f6\u00dfiges, anst\u00f6\u00dfiges oder anderweitig rechtswidriges Material, das eine Verletzung der Privatsph\u00e4re darstellt<\/li>\r\n    <li>Die Kommentare werden nicht verwendet, um Gesch\u00e4fte oder Kunden zu werben oder zu f\u00f6rdern oder kommerzielle Aktivit\u00e4ten oder rechtswidrige Aktivit\u00e4ten darzustellen.<\/li>\r\n<\/ul>\r\n\r\n<p>Sie gew\u00e4hren hiermit Cairo Collab eine nicht ausschlie\u00dfliche Lizenz zur Nutzung, Vervielf\u00e4ltigung, Bearbeitung und Autorisierung anderer zur Nutzung, Vervielf\u00e4ltigung und Bearbeitung Ihrer Kommentare in jeder Form, Format oder jedem Medium.<\/p>\r\n\r\n<h3><strong>Verlinkung auf unsere Inhalte<\/strong><\/h3>\r\n\r\n<p>Die folgenden Organisationen d\u00fcrfen ohne vorherige schriftliche Genehmigung auf unsere Website verlinken:<\/p>\r\n\r\n<ul>\r\n    <li>Regierungsbeh\u00f6rden;<\/li>\r\n    <li>Suchmaschinen;<\/li>\r\n    <li>Nachrichtenorganisationen;<\/li>\r\n    <li>Online-Verzeichnisvertriebsunternehmen d\u00fcrfen auf unsere Website in derselben Weise verlinken, wie sie auf die Websites anderer gelisteter Unternehmen verlinken; und<\/li>\r\n    <li>Systemweit akkreditierte Unternehmen au\u00dfer gemeinn\u00fctzige Organisationen, Wohlt\u00e4tigkeits-Einkaufszentren und Wohlt\u00e4tigkeits-Sammelgruppen d\u00fcrfen nicht auf unsere Website verlinken.<\/li>\r\n<\/ul>\r\n\r\n<p>Diese Organisationen d\u00fcrfen auf unsere Startseite, Publikationen oder andere Informationen unserer Website verlinken, solange der Link: (a) in keiner Weise irref\u00fchrend ist; (b) keine falsche Sponsorship, Empfehlung oder Genehmigung der verlinkenden Partei und ihrer Produkte und\/oder Dienstleistungen impliziert; und (c) im Kontext der Website der verlinkenden Partei liegt.<\/p>\r\n\r\n<p>Wir k\u00f6nnen und werden andere Linkanfragen von folgenden Arten von Organisationen in Betracht ziehen und genehmigen:<\/p>\r\n\r\n<ul>\r\n    <li>allgemein bekannte Verbraucher- und\/oder Gesch\u00e4ftsinformationsquellen;<\/li>\r\n    <li>Dot.com-Community-Sites;<\/li>\r\n    <li>Vereine oder andere Gruppen, die Wohlt\u00e4tigkeiten vertreten;<\/li>\r\n    <li>Online-Verzeichnisvertriebsunternehmen;<\/li>\r\n    <li>Internet-Portale;<\/li>\r\n    <li>Wirtschaftspr\u00fcfungs-, Rechts- und Beratungsunternehmen; und<\/li>\r\n    <li>Bildungseinrichtungen und Handelsverb\u00e4nde.<\/li>\r\n<\/ul>\r\n\r\n<p>Wir werden Linkanfragen von diesen Organisationen genehmigen, wenn wir feststellen, dass: (a) der Link uns nicht negativ erscheinen l\u00e4sst, weder uns noch unseren akkreditierten Unternehmen; (b) die Organisation keine negativen Aufzeichnungen bei uns hat; (c) der Nutzen f\u00fcr uns aus der Sichtbarkeit des Hyperlinks den Mangel an Cairo Collab kompensiert; und (d) der Link im Kontext allgemeiner Ressourceninformationen steht.<\/p>\r\n\r\n<p>Diese Organisationen d\u00fcrfen auf unsere Startseite verlinken, solange der Link: (a) in keiner Weise irref\u00fchrend ist; (b) keine falsche Sponsorship, Empfehlung oder Genehmigung der verlinkenden Partei und ihrer Produkte oder Dienstleistungen impliziert; und (c) im Kontext der Website der verlinkenden Partei liegt.<\/p>\r\n\r\n<p>Wenn Sie eine der oben aufgef\u00fchrten Organisationen sind und an einer Verlinkung auf unsere Website interessiert sind, m\u00fcssen Sie uns per E-Mail an Cairo Collab informieren. Bitte geben Sie Ihren Namen, den Namen Ihrer Organisation, Kontaktdaten sowie die URL Ihrer Website an, eine Liste der URLs, von denen aus Sie auf unsere Website verlinken m\u00f6chten, und eine Liste der URLs auf unserer Website, auf die Sie verlinken m\u00f6chten. Warten Sie 2-3 Wochen auf eine Antwort.<\/p>\r\n\r\n<p>Genehmigte Organisationen d\u00fcrfen wie folgt auf unsere Website verlinken:<\/p>\r\n\r\n<ul>\r\n    <li>Durch Verwendung unseres Firmennamens; oder<\/li>\r\n    <li>Durch Verwendung der Uniform Resource Locator, auf die verlinkt wird; oder<\/li>\r\n    <li>Durch Verwendung einer anderen Beschreibung unserer Website, auf die verlinkt wird, die im Kontext und Format des Inhalts auf der Website der verlinkenden Partei sinnvoll ist.<\/li>\r\n<\/ul>\r\n\r\n<p>Die Verwendung des Logos oder anderer Grafiken von Cairo Collab zur Verlinkung ist ohne eine Markenlizenzvereinbarung nicht gestattet.<\/p>\r\n\r\n<h3><strong>iFrames<\/strong><\/h3>\r\n\r\n<p>Sie d\u00fcrfen ohne vorherige Genehmigung und schriftliche Genehmigung keine Frames um unsere Webseiten erstellen, die die visuelle Darstellung oder das Erscheinungsbild unserer Website in irgendeiner Weise ver\u00e4ndern.<\/p>\r\n\r\n<h3><strong>Haftung f\u00fcr Inhalte<\/strong><\/h3>\r\n\r\n<p>Wir \u00fcbernehmen keine Verantwortung f\u00fcr Inhalte, die auf Ihrer Website erscheinen. Sie stimmen zu, uns gegen alle Anspr\u00fcche zu verteidigen und zu sch\u00fctzen, die auf Ihrer Website entstehen. Auf keiner Website sollten Links erscheinen, die als diffamierend, obsz\u00f6n oder kriminell interpretiert werden k\u00f6nnen, oder die gegen Urheberrechte versto\u00dfen, anderweitig verletzen oder die Verletzung oder andere Verst\u00f6\u00dfe gegen die Rechte Dritter bef\u00fcrworten.<\/p>\r\n\r\n<h3><strong>Vorbehalt der Rechte<\/strong><\/h3>\r\n\r\n<p>Wir behalten uns das Recht vor, Sie aufzufordern, alle Links oder einen bestimmten Link zu unserer Website zu entfernen. Sie stimmen zu, auf Anfrage alle Links zu unserer Website unverz\u00fcglich zu entfernen. Wir behalten uns auch das Recht vor, diese Allgemeinen Gesch\u00e4ftsbedingungen und unsere Linkrichtlinien jederzeit zu \u00e4ndern. Durch die fortgesetzte Verlinkung auf unsere Website erkl\u00e4ren Sie sich damit einverstanden, an diese Linkbedingungen und -bestimmungen gebunden zu sein und diese zu befolgen.<\/p>\r\n\r\n<h3><strong>Entfernen von Links von unserer Website<\/strong><\/h3>\r\n\r\n<p>Wenn Sie einen Link auf unserer Website aus irgendeinem Grund als beleidigend empfinden, k\u00f6nnen Sie uns jederzeit kontaktieren und uns informieren. Wir werden Anfragen zur Entfernung von Links pr\u00fcfen, sind jedoch nicht verpflichtet, dies zu tun oder direkt auf Sie zu antworten.<\/p>\r\n\r\n<p>Wir garantieren nicht, dass die Informationen auf dieser Website korrekt sind, wir garantieren nicht deren Vollst\u00e4ndigkeit oder Richtigkeit; noch garantieren wir, dass die Website weiterhin verf\u00fcgbar ist oder dass das Material auf der Website auf dem neuesten Stand gehalten wird.<\/p>\r\n\r\n<h3><strong>Haftungsausschluss<\/strong><\/h3>\r\n\r\n<p>Soweit gesetzlich zul\u00e4ssig, schlie\u00dfen wir alle Darstellungen, Gew\u00e4hrleistungen und Bedingungen in Bezug auf unsere Website und die Nutzung dieser Website aus. Nichts in diesem Haftungsausschluss wird:<\/p>\r\n\r\n<ul>\r\n    <li>unser oder Ihre Haftung f\u00fcr Tod oder Personensch\u00e4den beschr\u00e4nken oder ausschlie\u00dfen;<\/li>\r\n    <li>unsere oder Ihre Haftung f\u00fcr Betrug oder betr\u00fcgerische Falschdarstellung beschr\u00e4nken oder ausschlie\u00dfen;<\/li>\r\n    <li>irgendeine unserer oder Ihrer Haftungen in einer Weise beschr\u00e4nken, die nach geltendem Recht nicht zul\u00e4ssig ist; oder<\/li>\r\n    <li>eine unserer oder Ihrer Haftungen ausschlie\u00dfen, die nach geltendem Recht nicht ausgeschlossen werden kann.<\/li>\r\n<\/ul>\r\n\r\n<p>Die Beschr\u00e4nkungen und Ausschl\u00fcsse von Haftung in diesem Abschnitt und an anderer Stelle in diesem Haftungsausschluss: (a) unterliegen dem vorhergehenden Absatz; und (b) regeln alle Haftungen, die aus dem Haftungsausschluss resultieren, einschlie\u00dflich Haftungen aus Vertrag, unerlaubter Handlung und Verletzung einer gesetzlichen Pflicht.<\/p>\r\n\r\n<p>Solange die Website und die Informationen und Dienstleistungen auf der Website kostenlos zur Verf\u00fcgung gestellt werden, haften wir nicht f\u00fcr Verluste oder Sch\u00e4den jeglicher Art.<\/p>\r\n\t\t\t\t<\/div>\n\t\t\t\t<\/div>\n\t\t\t\t\t<\/div>\n\t\t\t\t<\/div>\n\t\t\t\t<\/div>","protected":false},"excerpt":{"rendered":"<p>Allgemeine Gesch\u00e4ftsbedingungen Willkommen bei Cairo Collab! Diese Allgemeinen Gesch\u00e4ftsbedingungen regeln die Regeln und Vorschriften f\u00fcr die Nutzung der Website von Cairo Collab, die unter https:\/\/cairocollab.ch zu finden ist. Durch den Zugriff auf diese Website gehen wir davon aus, dass Sie diese Allgemeinen Gesch\u00e4ftsbedingungen akzeptieren. Setzen Sie die Nutzung von Cairo Collab nicht fort, wenn Sie [&hellip;]<\/p>\n","protected":false},"author":2,"featured_media":0,"parent":0,"menu_order":0,"comment_status":"closed","ping_status":"closed","template":"elementor_header_footer","meta":{"footnotes":""},"class_list":["post-6016","page","type-page","status-publish","hentry"],"_links":{"self":[{"href":"https:\/\/cairocollab.ch\/en\/wp-json\/wp\/v2\/pages\/6016","targetHints":{"allow":["GET"]}}],"collection":[{"href":"https:\/\/cairocollab.ch\/en\/wp-json\/wp\/v2\/pages"}],"about":[{"href":"https:\/\/cairocollab.ch\/en\/wp-json\/wp\/v2\/types\/page"}],"author":[{"embeddable":true,"href":"https:\/\/cairocollab.ch\/en\/wp-json\/wp\/v2\/users\/2"}],"replies":[{"embeddable":true,"href":"https:\/\/cairocollab.ch\/en\/wp-json\/wp\/v2\/comments?post=6016"}],"version-history":[{"count":5,"href":"https:\/\/cairocollab.ch\/en\/wp-json\/wp\/v2\/pages\/6016\/revisions"}],"predecessor-version":[{"id":7507,"href":"https:\/\/cairocollab.ch\/en\/wp-json\/wp\/v2\/pages\/6016\/revisions\/7507"}],"wp:attachment":[{"href":"https:\/\/cairocollab.ch\/en\/wp-json\/wp\/v2\/media?parent=6016"}],"curies":[{"name":"wp","href":"https:\/\/api.w.org\/{rel}","templated":true}]}}